{"id":13,"date":"2023-02-05T15:49:09","date_gmt":"2023-02-05T15:49:09","guid":{"rendered":"https:\/\/pulimentosperez-com.preview-domain.com\/?page_id=13"},"modified":"2023-02-10T11:15:53","modified_gmt":"2023-02-10T11:15:53","slug":"una-seccion-de-la-pagina-de-inicio","status":"publish","type":"page","link":"https:\/\/pulimentosperez.com\/?page_id=13","title":{"rendered":"Galer\u00eda"},"content":{"rendered":"\n<p>A continuaci\u00f3n podr\u00e1n ver una peque\u00f1a muestra de los trabajos que hacemos.<\/p>\n\n\n\n<figure class=\"wp-block-gallery has-nested-images columns-default is-cropped wp-block-gallery-1 is-layout-flex wp-block-gallery-is-layout-flex\">\n<figure class=\"wp-block-image size-large\"><img loading=\"lazy\" decoding=\"async\" width=\"760\" height=\"1024\" data-id=\"45\" src=\"https:\/\/pulimentosperez.com\/wp-content\/uploads\/2023\/02\/wp-1676027343369-760x1024.jpg\" alt=\"\" class=\"wp-image-45\" srcset=\"https:\/\/pulimentosperez.com\/wp-content\/uploads\/2023\/02\/wp-1676027343369-760x1024.jpg 760w, https:\/\/pulimentosperez.com\/wp-content\/uploads\/2023\/02\/wp-1676027343369-223x300.jpg 223w, https:\/\/pulimentosperez.com\/wp-content\/uploads\/2023\/02\/wp-1676027343369-768x1035.jpg 768w, https:\/\/pulimentosperez.com\/wp-content\/uploads\/2023\/02\/wp-1676027343369.jpg 1080w\" sizes=\"auto, (max-width: 706px) 89vw, (max-width: 767px) 82vw, 740px\" \/><\/figure>\n\n\n\n<figure class=\"wp-block-image size-large\"><img loading=\"lazy\" decoding=\"async\" width=\"766\" height=\"1024\" data-id=\"56\" src=\"https:\/\/pulimentosperez.com\/wp-content\/uploads\/2023\/02\/wp-1676027657370-766x1024.jpg\" alt=\"\" class=\"wp-image-56\" srcset=\"https:\/\/pulimentosperez.com\/wp-content\/uploads\/2023\/02\/wp-1676027657370-766x1024.jpg 766w, https:\/\/pulimentosperez.com\/wp-content\/uploads\/2023\/02\/wp-1676027657370-224x300.jpg 224w, https:\/\/pulimentosperez.com\/wp-content\/uploads\/2023\/02\/wp-1676027657370-768x1027.jpg 768w, https:\/\/pulimentosperez.com\/wp-content\/uploads\/2023\/02\/wp-1676027657370-1149x1536.jpg 1149w, https:\/\/pulimentosperez.com\/wp-content\/uploads\/2023\/02\/wp-1676027657370.jpg 1496w\" sizes=\"auto, (max-width: 706px) 89vw, (max-width: 767px) 82vw, 740px\" \/><\/figure>\n\n\n\n<figure class=\"wp-block-image size-large\"><img loading=\"lazy\" decoding=\"async\" width=\"751\" height=\"1024\" data-id=\"55\" src=\"https:\/\/pulimentosperez.com\/wp-content\/uploads\/2023\/02\/wp-1676027639922-751x1024.jpg\" alt=\"\" class=\"wp-image-55\" srcset=\"https:\/\/pulimentosperez.com\/wp-content\/uploads\/2023\/02\/wp-1676027639922-751x1024.jpg 751w, https:\/\/pulimentosperez.com\/wp-content\/uploads\/2023\/02\/wp-1676027639922-220x300.jpg 220w, https:\/\/pulimentosperez.com\/wp-content\/uploads\/2023\/02\/wp-1676027639922-768x1047.jpg 768w, https:\/\/pulimentosperez.com\/wp-content\/uploads\/2023\/02\/wp-1676027639922.jpg 1080w\" sizes=\"auto, (max-width: 706px) 89vw, (max-width: 767px) 82vw, 740px\" \/><\/figure>\n\n\n\n<figure class=\"wp-block-image size-large\"><img loading=\"lazy\" decoding=\"async\" width=\"713\" height=\"1024\" data-id=\"54\" src=\"https:\/\/pulimentosperez.com\/wp-content\/uploads\/2023\/02\/wp-1676027624755-713x1024.jpg\" alt=\"\" class=\"wp-image-54\" srcset=\"https:\/\/pulimentosperez.com\/wp-content\/uploads\/2023\/02\/wp-1676027624755-713x1024.jpg 713w, https:\/\/pulimentosperez.com\/wp-content\/uploads\/2023\/02\/wp-1676027624755-209x300.jpg 209w, https:\/\/pulimentosperez.com\/wp-content\/uploads\/2023\/02\/wp-1676027624755-768x1104.jpg 768w, https:\/\/pulimentosperez.com\/wp-content\/uploads\/2023\/02\/wp-1676027624755-1069x1536.jpg 1069w, https:\/\/pulimentosperez.com\/wp-content\/uploads\/2023\/02\/wp-1676027624755.jpg 1080w\" sizes=\"auto, (max-width: 713px) 100vw, 713px\" \/><\/figure>\n\n\n\n<figure class=\"wp-block-image size-large\"><img loading=\"lazy\" decoding=\"async\" width=\"692\" height=\"1024\" data-id=\"53\" src=\"https:\/\/pulimentosperez.com\/wp-content\/uploads\/2023\/02\/wp-1676027613327-692x1024.jpg\" alt=\"\" class=\"wp-image-53\" srcset=\"https:\/\/pulimentosperez.com\/wp-content\/uploads\/2023\/02\/wp-1676027613327-692x1024.jpg 692w, https:\/\/pulimentosperez.com\/wp-content\/uploads\/2023\/02\/wp-1676027613327-203x300.jpg 203w, https:\/\/pulimentosperez.com\/wp-content\/uploads\/2023\/02\/wp-1676027613327-768x1137.jpg 768w, https:\/\/pulimentosperez.com\/wp-content\/uploads\/2023\/02\/wp-1676027613327-1037x1536.jpg 1037w, https:\/\/pulimentosperez.com\/wp-content\/uploads\/2023\/02\/wp-1676027613327.jpg 1065w\" sizes=\"auto, (max-width: 692px) 100vw, 692px\" \/><\/figure>\n\n\n\n<figure class=\"wp-block-image size-large\"><img loading=\"lazy\" decoding=\"async\" width=\"729\" height=\"1024\" data-id=\"52\" src=\"https:\/\/pulimentosperez.com\/wp-content\/uploads\/2023\/02\/wp-1676027602031-729x1024.jpg\" alt=\"\" class=\"wp-image-52\" srcset=\"https:\/\/pulimentosperez.com\/wp-content\/uploads\/2023\/02\/wp-1676027602031-729x1024.jpg 729w, https:\/\/pulimentosperez.com\/wp-content\/uploads\/2023\/02\/wp-1676027602031-213x300.jpg 213w, https:\/\/pulimentosperez.com\/wp-content\/uploads\/2023\/02\/wp-1676027602031-768x1079.jpg 768w, https:\/\/pulimentosperez.com\/wp-content\/uploads\/2023\/02\/wp-1676027602031.jpg 1080w\" sizes=\"auto, (max-width: 729px) 100vw, 729px\" \/><\/figure>\n\n\n\n<figure class=\"wp-block-image size-large\"><img loading=\"lazy\" decoding=\"async\" width=\"1024\" height=\"614\" data-id=\"50\" src=\"https:\/\/pulimentosperez.com\/wp-content\/uploads\/2023\/02\/cropped-wp-1676027343369-1024x614.jpg\" alt=\"\" class=\"wp-image-50\" srcset=\"https:\/\/pulimentosperez.com\/wp-content\/uploads\/2023\/02\/cropped-wp-1676027343369-1024x614.jpg 1024w, https:\/\/pulimentosperez.com\/wp-content\/uploads\/2023\/02\/cropped-wp-1676027343369-300x180.jpg 300w, https:\/\/pulimentosperez.com\/wp-content\/uploads\/2023\/02\/cropped-wp-1676027343369-768x461.jpg 768w, https:\/\/pulimentosperez.com\/wp-content\/uploads\/2023\/02\/cropped-wp-1676027343369-1536x922.jpg 1536w, https:\/\/pulimentosperez.com\/wp-content\/uploads\/2023\/02\/cropped-wp-1676027343369.jpg 2000w\" sizes=\"auto, (max-width: 767px) 89vw, (max-width: 1000px) 54vw, (max-width: 1071px) 543px, 580px\" \/><\/figure>\n\n\n\n<figure class=\"wp-block-image size-large\"><img loading=\"lazy\" decoding=\"async\" width=\"712\" height=\"1024\" data-id=\"49\" src=\"https:\/\/pulimentosperez.com\/wp-content\/uploads\/2023\/02\/wp-1676027473362-712x1024.jpg\" alt=\"\" class=\"wp-image-49\" srcset=\"https:\/\/pulimentosperez.com\/wp-content\/uploads\/2023\/02\/wp-1676027473362-712x1024.jpg 712w, https:\/\/pulimentosperez.com\/wp-content\/uploads\/2023\/02\/wp-1676027473362-209x300.jpg 209w, https:\/\/pulimentosperez.com\/wp-content\/uploads\/2023\/02\/wp-1676027473362-768x1104.jpg 768w, https:\/\/pulimentosperez.com\/wp-content\/uploads\/2023\/02\/wp-1676027473362.jpg 1001w\" sizes=\"auto, (max-width: 712px) 100vw, 712px\" \/><\/figure>\n\n\n\n<figure class=\"wp-block-image size-large\"><img loading=\"lazy\" decoding=\"async\" width=\"759\" height=\"1024\" data-id=\"48\" src=\"https:\/\/pulimentosperez.com\/wp-content\/uploads\/2023\/02\/wp-1676027456870-759x1024.jpg\" alt=\"\" class=\"wp-image-48\" srcset=\"https:\/\/pulimentosperez.com\/wp-content\/uploads\/2023\/02\/wp-1676027456870-759x1024.jpg 759w, https:\/\/pulimentosperez.com\/wp-content\/uploads\/2023\/02\/wp-1676027456870-222x300.jpg 222w, https:\/\/pulimentosperez.com\/wp-content\/uploads\/2023\/02\/wp-1676027456870-768x1036.jpg 768w, https:\/\/pulimentosperez.com\/wp-content\/uploads\/2023\/02\/wp-1676027456870.jpg 1076w\" sizes=\"auto, (max-width: 706px) 89vw, (max-width: 767px) 82vw, 740px\" \/><\/figure>\n\n\n\n<figure class=\"wp-block-image size-large\"><img loading=\"lazy\" decoding=\"async\" width=\"777\" height=\"1024\" data-id=\"47\" src=\"https:\/\/pulimentosperez.com\/wp-content\/uploads\/2023\/02\/wp-1676027438951-777x1024.jpg\" alt=\"\" class=\"wp-image-47\" srcset=\"https:\/\/pulimentosperez.com\/wp-content\/uploads\/2023\/02\/wp-1676027438951-777x1024.jpg 777w, https:\/\/pulimentosperez.com\/wp-content\/uploads\/2023\/02\/wp-1676027438951-228x300.jpg 228w, https:\/\/pulimentosperez.com\/wp-content\/uploads\/2023\/02\/wp-1676027438951-768x1013.jpg 768w, https:\/\/pulimentosperez.com\/wp-content\/uploads\/2023\/02\/wp-1676027438951.jpg 1080w\" sizes=\"auto, (max-width: 767px) 89vw, (max-width: 1000px) 54vw, (max-width: 1071px) 543px, 580px\" \/><\/figure>\n<\/figure>\n","protected":false},"excerpt":{"rendered":"<p>A continuaci\u00f3n podr\u00e1n ver una peque\u00f1a muestra de los trabajos que hacemos.<\/p>\n","protected":false},"author":1,"featured_media":47,"parent":0,"menu_order":0,"comment_status":"closed","ping_status":"closed","template":"","meta":{"_joinchat":[],"footnotes":""},"class_list":["post-13","page","type-page","status-publish","has-post-thumbnail","hentry"],"_links":{"self":[{"href":"https:\/\/pulimentosperez.com\/index.php?rest_route=\/wp\/v2\/pages\/13","targetHints":{"allow":["GET"]}}],"collection":[{"href":"https:\/\/pulimentosperez.com\/index.php?rest_route=\/wp\/v2\/pages"}],"about":[{"href":"https:\/\/pulimentosperez.com\/index.php?rest_route=\/wp\/v2\/types\/page"}],"author":[{"embeddable":true,"href":"https:\/\/pulimentosperez.com\/index.php?rest_route=\/wp\/v2\/users\/1"}],"replies":[{"embeddable":true,"href":"https:\/\/pulimentosperez.com\/index.php?rest_route=%2Fwp%2Fv2%2Fcomments&post=13"}],"version-history":[{"count":3,"href":"https:\/\/pulimentosperez.com\/index.php?rest_route=\/wp\/v2\/pages\/13\/revisions"}],"predecessor-version":[{"id":58,"href":"https:\/\/pulimentosperez.com\/index.php?rest_route=\/wp\/v2\/pages\/13\/revisions\/58"}],"wp:featuredmedia":[{"embeddable":true,"href":"https:\/\/pulimentosperez.com\/index.php?rest_route=\/wp\/v2\/media\/47"}],"wp:attachment":[{"href":"https:\/\/pulimentosperez.com\/index.php?rest_route=%2Fwp%2Fv2%2Fmedia&parent=13"}],"curies":[{"name":"wp","href":"https:\/\/api.w.org\/{rel}","templated":true}]}}