{"id":9,"date":"2023-02-05T15:49:09","date_gmt":"2023-02-05T15:49:09","guid":{"rendered":"https:\/\/pulimentosperez-com.preview-domain.com\/?page_id=9"},"modified":"2023-02-05T16:11:08","modified_gmt":"2023-02-05T16:11:08","slug":"inicio","status":"publish","type":"page","link":"https:\/\/pulimentosperez.com\/","title":{"rendered":"Inicio"},"content":{"rendered":"\n<p>Bienvenidos a la p\u00e1gina web de Pulimentos P\u00e9rez. <\/p>\n\n\n\n<p>Mi nombre es Juan Carlos P\u00e9rez Rinconada y me dedico al tratamiento y pulimento de todo tipo de pavimentos, m\u00e1rmol, terrazo, hormig\u00f3n, hidr\u00e1ulico.<\/p>\n\n\n\n<p>Somos una empresa en el sector desde el a\u00f1o 2005, aprendiendo e innovando d\u00eda a d\u00eda seg\u00fan las exigencias del mercado para satisfacer a nuestros clientes con los mejores resultados.<\/p>\n\n\n\n<p>Visite nuestra galer\u00eda de im\u00e1genes y podr\u00e1 ver algunos de nuestros trabajos.<\/p>\n\n\n\n<p>Y recuerde solicitar un presupuesto sin compromiso.<\/p>\n","protected":false},"excerpt":{"rendered":"<p>Bienvenidos a la p\u00e1gina web de Pulimentos P\u00e9rez. Mi nombre es Juan Carlos P\u00e9rez Rinconada y me dedico al tratamiento y pulimento de todo tipo de pavimentos, m\u00e1rmol, terrazo, hormig\u00f3n, hidr\u00e1ulico. Somos una empresa en el sector desde el a\u00f1o 2005, aprendiendo e innovando d\u00eda a d\u00eda seg\u00fan las exigencias del mercado para satisfacer a &hellip; <\/p>\n<p class=\"link-more\"><a href=\"https:\/\/pulimentosperez.com\/\" class=\"more-link\">Continuar leyendo<span class=\"screen-reader-text\"> \u00abInicio\u00bb<\/span><\/a><\/p>\n","protected":false},"author":1,"featured_media":0,"parent":0,"menu_order":0,"comment_status":"closed","ping_status":"closed","template":"","meta":{"_joinchat":[],"footnotes":""},"class_list":["post-9","page","type-page","status-publish","hentry"],"_links":{"self":[{"href":"https:\/\/pulimentosperez.com\/index.php?rest_route=\/wp\/v2\/pages\/9","targetHints":{"allow":["GET"]}}],"collection":[{"href":"https:\/\/pulimentosperez.com\/index.php?rest_route=\/wp\/v2\/pages"}],"about":[{"href":"https:\/\/pulimentosperez.com\/index.php?rest_route=\/wp\/v2\/types\/page"}],"author":[{"embeddable":true,"href":"https:\/\/pulimentosperez.com\/index.php?rest_route=\/wp\/v2\/users\/1"}],"replies":[{"embeddable":true,"href":"https:\/\/pulimentosperez.com\/index.php?rest_route=%2Fwp%2Fv2%2Fcomments&post=9"}],"version-history":[{"count":3,"href":"https:\/\/pulimentosperez.com\/index.php?rest_route=\/wp\/v2\/pages\/9\/revisions"}],"predecessor-version":[{"id":46,"href":"https:\/\/pulimentosperez.com\/index.php?rest_route=\/wp\/v2\/pages\/9\/revisions\/46"}],"wp:attachment":[{"href":"https:\/\/pulimentosperez.com\/index.php?rest_route=%2Fwp%2Fv2%2Fmedia&parent=9"}],"curies":[{"name":"wp","href":"https:\/\/api.w.org\/{rel}","templated":true}]}}